{"id":2794,"date":"2024-08-07T13:28:05","date_gmt":"2024-08-07T11:28:05","guid":{"rendered":"https:\/\/ajfood.pl\/?page_id=2794"},"modified":"2024-12-05T11:09:04","modified_gmt":"2024-12-05T10:09:04","slug":"qa-frequent-questions","status":"publish","type":"page","link":"https:\/\/ajfood.pl\/en\/czeste-pytania-qa\/","title":{"rendered":"Frequently asked questions Q&amp;A"},"content":{"rendered":"\t\t<div data-elementor-type=\"wp-page\" data-elementor-id=\"2794\" class=\"elementor elementor-2794\" data-elementor-post-type=\"page\">\n\t\t\t\t<div class=\"elementor-element elementor-element-86303b4 e-flex e-con-boxed e-con e-parent\" data-id=\"86303b4\" data-element_type=\"container\" data-e-type=\"container\" data-settings=\"{&quot;background_background&quot;:&quot;classic&quot;}\">\n\t\t\t\t\t<div class=\"e-con-inner\">\n\t\t<div class=\"elementor-element elementor-element-7664517 e-con-full e-flex e-con e-child\" data-id=\"7664517\" data-element_type=\"container\" data-e-type=\"container\" data-settings=\"{&quot;motion_fx_motion_fx_scrolling&quot;:&quot;yes&quot;,&quot;motion_fx_translateY_effect&quot;:&quot;yes&quot;,&quot;motion_fx_translateY_speed&quot;:{&quot;unit&quot;:&quot;px&quot;,&quot;size&quot;:3,&quot;sizes&quot;:[]},&quot;motion_fx_devices&quot;:[&quot;desktop&quot;,&quot;tablet&quot;],&quot;motion_fx_translateY_affectedRange&quot;:{&quot;unit&quot;:&quot;%&quot;,&quot;size&quot;:&quot;&quot;,&quot;sizes&quot;:{&quot;start&quot;:0,&quot;end&quot;:100}}}\">\n\t\t\t\t<div class=\"elementor-element elementor-element-cf4e607 elementor-widget elementor-widget-heading\" data-id=\"cf4e607\" data-element_type=\"widget\" data-e-type=\"widget\" data-widget_type=\"heading.default\">\n\t\t\t\t<div class=\"elementor-widget-container\">\n\t\t\t\t\t<h1 class=\"elementor-heading-title elementor-size-default\">Cz\u0119ste pytania Q&amp;A<\/h1>\t\t\t\t<\/div>\n\t\t\t\t<\/div>\n\t\t\t\t<div class=\"elementor-element elementor-element-97dd05a elementor-widget elementor-widget-n-accordion\" data-id=\"97dd05a\" data-element_type=\"widget\" data-e-type=\"widget\" data-settings=\"{&quot;default_state&quot;:&quot;all_collapsed&quot;,&quot;max_items_expended&quot;:&quot;one&quot;,&quot;n_accordion_animation_duration&quot;:{&quot;unit&quot;:&quot;ms&quot;,&quot;size&quot;:400,&quot;sizes&quot;:[]}}\" data-widget_type=\"nested-accordion.default\">\n\t\t\t\t<div class=\"elementor-widget-container\">\n\t\t\t\t\t\t\t<div class=\"e-n-accordion\" aria-label=\"Accordion. Open links with Enter or Space, close with Escape, and navigate with Arrow Keys\">\n\t\t\t\t\t\t<details id=\"e-n-accordion-item-1590\" class=\"e-n-accordion-item\" >\n\t\t\t\t<summary class=\"e-n-accordion-item-title\" data-accordion-index=\"1\" tabindex=\"0\" aria-expanded=\"false\" aria-controls=\"e-n-accordion-item-1590\" >\n\t\t\t\t\t<span class='e-n-accordion-item-title-header'><div class=\"e-n-accordion-item-title-text\"> Gdzie mo\u017cna kupi\u0107 produkty AJ Food? <\/div><\/span>\n\t\t\t\t\t\t\t<span class='e-n-accordion-item-title-icon'>\n\t\t\t<span class='e-opened' ><svg aria-hidden=\"true\" class=\"e-font-icon-svg e-fas-minus\" viewBox=\"0 0 448 512\" xmlns=\"http:\/\/www.w3.org\/2000\/svg\"><path d=\"M416 208H32c-17.67 0-32 14.33-32 32v32c0 17.67 14.33 32 32 32h384c17.67 0 32-14.33 32-32v-32c0-17.67-14.33-32-32-32z\"><\/path><\/svg><\/span>\n\t\t\t<span class='e-closed'><svg aria-hidden=\"true\" class=\"e-font-icon-svg e-fas-plus\" viewBox=\"0 0 448 512\" xmlns=\"http:\/\/www.w3.org\/2000\/svg\"><path d=\"M416 208H272V64c0-17.67-14.33-32-32-32h-32c-17.67 0-32 14.33-32 32v144H32c-17.67 0-32 14.33-32 32v32c0 17.67 14.33 32 32 32h144v144c0 17.67 14.33 32 32 32h32c17.67 0 32-14.33 32-32V304h144c17.67 0 32-14.33 32-32v-32c0-17.67-14.33-32-32-32z\"><\/path><\/svg><\/span>\n\t\t<\/span>\n\n\t\t\t\t\t\t<\/summary>\n\t\t\t\t<div role=\"region\" aria-labelledby=\"e-n-accordion-item-1590\" class=\"elementor-element elementor-element-cf648f6 e-con-full e-flex e-con e-child\" data-id=\"cf648f6\" data-element_type=\"container\" data-e-type=\"container\">\n\t\t\t\t<div class=\"elementor-element elementor-element-597ae21 elementor-widget elementor-widget-text-editor\" data-id=\"597ae21\" data-element_type=\"widget\" data-e-type=\"widget\" data-widget_type=\"text-editor.default\">\n\t\t\t\t<div class=\"elementor-widget-container\">\n\t\t\t\t\t\t\t\t\t<ul><li>Nasze produkty mro\u017cone mo\u017cna kupi\u0107 praktycznie u ka\u017cdego gastronomicznego dystrybutora. Skontaktuj si\u0119 z nami (wy\u015blij e-mail lub zadzwo\u0144), a my odezwiemy si\u0119 i pomo\u017cemy wybra\u0107 najwygodniejsz\u0105 dla Ciebie opcj\u0119.<\/li><li>Opakowania, akcesoria oraz w\u0105sk\u0105 grup\u0119 produkt\u00f3w ch\u0142odzonych (sosy) mo\u017cna kupi\u0107 na naszej stronie internetowej.<\/li><\/ul>\t\t\t\t\t\t\t\t<\/div>\n\t\t\t\t<\/div>\n\t\t\t\t<\/div>\n\t\t\t\t\t<\/details>\n\t\t\t\t\t\t<details id=\"e-n-accordion-item-1591\" class=\"e-n-accordion-item\" >\n\t\t\t\t<summary class=\"e-n-accordion-item-title\" data-accordion-index=\"2\" tabindex=\"-1\" aria-expanded=\"false\" aria-controls=\"e-n-accordion-item-1591\" >\n\t\t\t\t\t<span class='e-n-accordion-item-title-header'><div class=\"e-n-accordion-item-title-text\"> Czy musz\u0119 kupowa\u0107 ca\u0142e zestawy? <\/div><\/span>\n\t\t\t\t\t\t\t<span class='e-n-accordion-item-title-icon'>\n\t\t\t<span class='e-opened' ><svg aria-hidden=\"true\" class=\"e-font-icon-svg e-fas-minus\" viewBox=\"0 0 448 512\" xmlns=\"http:\/\/www.w3.org\/2000\/svg\"><path d=\"M416 208H32c-17.67 0-32 14.33-32 32v32c0 17.67 14.33 32 32 32h384c17.67 0 32-14.33 32-32v-32c0-17.67-14.33-32-32-32z\"><\/path><\/svg><\/span>\n\t\t\t<span class='e-closed'><svg aria-hidden=\"true\" class=\"e-font-icon-svg e-fas-plus\" viewBox=\"0 0 448 512\" xmlns=\"http:\/\/www.w3.org\/2000\/svg\"><path d=\"M416 208H272V64c0-17.67-14.33-32-32-32h-32c-17.67 0-32 14.33-32 32v144H32c-17.67 0-32 14.33-32 32v32c0 17.67 14.33 32 32 32h144v144c0 17.67 14.33 32 32 32h32c17.67 0 32-14.33 32-32V304h144c17.67 0 32-14.33 32-32v-32c0-17.67-14.33-32-32-32z\"><\/path><\/svg><\/span>\n\t\t<\/span>\n\n\t\t\t\t\t\t<\/summary>\n\t\t\t\t<div role=\"region\" aria-labelledby=\"e-n-accordion-item-1591\" class=\"elementor-element elementor-element-6a957a6 e-con-full e-flex e-con e-child\" data-id=\"6a957a6\" data-element_type=\"container\" data-e-type=\"container\">\n\t\t\t\t<div class=\"elementor-element elementor-element-c7f291a elementor-widget elementor-widget-text-editor\" data-id=\"c7f291a\" data-element_type=\"widget\" data-e-type=\"widget\" data-widget_type=\"text-editor.default\">\n\t\t\t\t<div class=\"elementor-widget-container\">\n\t\t\t\t\t\t\t\t\t<p>Nie sprzedajemy gotowych zestaw\u00f3w, podpowiadamy tylko jak efektywnie je tworzy\u0107. Ka\u017cdy produkt kupisz oddzielnie.\u00a0<\/p>\t\t\t\t\t\t\t\t<\/div>\n\t\t\t\t<\/div>\n\t\t\t\t<\/div>\n\t\t\t\t\t<\/details>\n\t\t\t\t\t\t<details id=\"e-n-accordion-item-1592\" class=\"e-n-accordion-item\" >\n\t\t\t\t<summary class=\"e-n-accordion-item-title\" data-accordion-index=\"3\" tabindex=\"-1\" aria-expanded=\"false\" aria-controls=\"e-n-accordion-item-1592\" >\n\t\t\t\t\t<span class='e-n-accordion-item-title-header'><div class=\"e-n-accordion-item-title-text\"> Jak skontaktowa\u0107 si\u0119 z przedstawicielem? <\/div><\/span>\n\t\t\t\t\t\t\t<span class='e-n-accordion-item-title-icon'>\n\t\t\t<span class='e-opened' ><svg aria-hidden=\"true\" class=\"e-font-icon-svg e-fas-minus\" viewBox=\"0 0 448 512\" xmlns=\"http:\/\/www.w3.org\/2000\/svg\"><path d=\"M416 208H32c-17.67 0-32 14.33-32 32v32c0 17.67 14.33 32 32 32h384c17.67 0 32-14.33 32-32v-32c0-17.67-14.33-32-32-32z\"><\/path><\/svg><\/span>\n\t\t\t<span class='e-closed'><svg aria-hidden=\"true\" class=\"e-font-icon-svg e-fas-plus\" viewBox=\"0 0 448 512\" xmlns=\"http:\/\/www.w3.org\/2000\/svg\"><path d=\"M416 208H272V64c0-17.67-14.33-32-32-32h-32c-17.67 0-32 14.33-32 32v144H32c-17.67 0-32 14.33-32 32v32c0 17.67 14.33 32 32 32h144v144c0 17.67 14.33 32 32 32h32c17.67 0 32-14.33 32-32V304h144c17.67 0 32-14.33 32-32v-32c0-17.67-14.33-32-32-32z\"><\/path><\/svg><\/span>\n\t\t<\/span>\n\n\t\t\t\t\t\t<\/summary>\n\t\t\t\t<div role=\"region\" aria-labelledby=\"e-n-accordion-item-1592\" class=\"elementor-element elementor-element-24a3870 e-con-full e-flex e-con e-child\" data-id=\"24a3870\" data-element_type=\"container\" data-e-type=\"container\">\n\t\t\t\t<div class=\"elementor-element elementor-element-26ccdf4 elementor-widget elementor-widget-text-editor\" data-id=\"26ccdf4\" data-element_type=\"widget\" data-e-type=\"widget\" data-widget_type=\"text-editor.default\">\n\t\t\t\t<div class=\"elementor-widget-container\">\n\t\t\t\t\t\t\t\t\t<p>Prosimy o wype\u0142nienie formularza kontaktowego. Podaj\u0105c nazw\u0119 miejscowo\u015bci, umo\u017cliwiasz nam okre\u015blenie konkretnego przedstawiciela i doradcy, kt\u00f3rzy bezpo\u015brednio skontaktuj\u0105 si\u0119 z Tob\u0105 i odpowiedz\u0105 na Twoje potrzeby.<\/p>\t\t\t\t\t\t\t\t<\/div>\n\t\t\t\t<\/div>\n\t\t\t\t<\/div>\n\t\t\t\t\t<\/details>\n\t\t\t\t\t\t<details id=\"e-n-accordion-item-1593\" class=\"e-n-accordion-item\" >\n\t\t\t\t<summary class=\"e-n-accordion-item-title\" data-accordion-index=\"4\" tabindex=\"-1\" aria-expanded=\"false\" aria-controls=\"e-n-accordion-item-1593\" >\n\t\t\t\t\t<span class='e-n-accordion-item-title-header'><div class=\"e-n-accordion-item-title-text\"> Czy moi go\u015bcie poczuj\u0105, \u017ce u\u017cywam produkt\u00f3w wst\u0119pnie przygotowanych? <\/div><\/span>\n\t\t\t\t\t\t\t<span class='e-n-accordion-item-title-icon'>\n\t\t\t<span class='e-opened' ><svg aria-hidden=\"true\" class=\"e-font-icon-svg e-fas-minus\" viewBox=\"0 0 448 512\" xmlns=\"http:\/\/www.w3.org\/2000\/svg\"><path d=\"M416 208H32c-17.67 0-32 14.33-32 32v32c0 17.67 14.33 32 32 32h384c17.67 0 32-14.33 32-32v-32c0-17.67-14.33-32-32-32z\"><\/path><\/svg><\/span>\n\t\t\t<span class='e-closed'><svg aria-hidden=\"true\" class=\"e-font-icon-svg e-fas-plus\" viewBox=\"0 0 448 512\" xmlns=\"http:\/\/www.w3.org\/2000\/svg\"><path d=\"M416 208H272V64c0-17.67-14.33-32-32-32h-32c-17.67 0-32 14.33-32 32v144H32c-17.67 0-32 14.33-32 32v32c0 17.67 14.33 32 32 32h144v144c0 17.67 14.33 32 32 32h32c17.67 0 32-14.33 32-32V304h144c17.67 0 32-14.33 32-32v-32c0-17.67-14.33-32-32-32z\"><\/path><\/svg><\/span>\n\t\t<\/span>\n\n\t\t\t\t\t\t<\/summary>\n\t\t\t\t<div role=\"region\" aria-labelledby=\"e-n-accordion-item-1593\" class=\"elementor-element elementor-element-a6af77f e-con-full e-flex e-con e-child\" data-id=\"a6af77f\" data-element_type=\"container\" data-e-type=\"container\">\n\t\t\t\t<div class=\"elementor-element elementor-element-3e88fb1 elementor-widget elementor-widget-text-editor\" data-id=\"3e88fb1\" data-element_type=\"widget\" data-e-type=\"widget\" data-widget_type=\"text-editor.default\">\n\t\t\t\t<div class=\"elementor-widget-container\">\n\t\t\t\t\t\t\t\t\t<p>Jeste\u015bmy przekonani, \u017ce nie. Nasze produkty s\u0105 przygotowane zgodnie ze sztuk\u0105 kulinarn\u0105 \u2013 czasami r\u0119cznie, najcz\u0119\u015bciej z ca\u0142ego mi\u0119\u015bnia \u2013 ale zawsze tak, aby go\u015b\u0107 poczu\u0142 doskona\u0142\u0105 kuchni\u0119. Po prostu ograniczamy wst\u0119pn\u0105 obr\u00f3bk\u0119. Od Ciebie zale\u017cy, jak wykreujesz danie, jak doprawisz i udekorujesz. Z jednego produktu mo\u017cna przygotowa\u0107 tyle da\u0144, ilu jest szef\u00f3w kuchni i kucharzy.<\/p>\t\t\t\t\t\t\t\t<\/div>\n\t\t\t\t<\/div>\n\t\t\t\t<\/div>\n\t\t\t\t\t<\/details>\n\t\t\t\t\t<\/div>\n\t\t\t\t\t<script type=\"application\/ld+json\">{\"@context\":\"https:\\\/\\\/schema.org\",\"@type\":\"FAQPage\",\"mainEntity\":[{\"@type\":\"Question\",\"name\":\"Gdzie mo\\u017cna kupi\\u0107 produkty AJ Food?\",\"acceptedAnswer\":{\"@type\":\"Answer\",\"text\":\"Nasze produkty mro\\u017cone mo\\u017cna kupi\\u0107 praktycznie u ka\\u017cdego gastronomicznego dystrybutora. Skontaktuj si\\u0119 z nami (wy\\u015blij e-mail lub zadzwo\\u0144), a my odezwiemy si\\u0119 i pomo\\u017cemy wybra\\u0107 najwygodniejsz\\u0105 dla Ciebie opcj\\u0119.Opakowania, akcesoria oraz w\\u0105sk\\u0105 grup\\u0119 produkt\\u00f3w ch\\u0142odzonych (sosy) mo\\u017cna kupi\\u0107 na naszej stronie internetowej.\"}},{\"@type\":\"Question\",\"name\":\"Czy musz\\u0119 kupowa\\u0107 ca\\u0142e zestawy?\",\"acceptedAnswer\":{\"@type\":\"Answer\",\"text\":\"Nie sprzedajemy gotowych zestaw\\u00f3w, podpowiadamy tylko jak efektywnie je tworzy\\u0107. Ka\\u017cdy produkt kupisz oddzielnie.\\u00a0\"}},{\"@type\":\"Question\",\"name\":\"Jak skontaktowa\\u0107 si\\u0119 z przedstawicielem?\",\"acceptedAnswer\":{\"@type\":\"Answer\",\"text\":\"Prosimy o wype\\u0142nienie formularza kontaktowego. Podaj\\u0105c nazw\\u0119 miejscowo\\u015bci, umo\\u017cliwiasz nam okre\\u015blenie konkretnego przedstawiciela i doradcy, kt\\u00f3rzy bezpo\\u015brednio skontaktuj\\u0105 si\\u0119 z Tob\\u0105 i odpowiedz\\u0105 na Twoje potrzeby.\"}},{\"@type\":\"Question\",\"name\":\"Czy moi go\\u015bcie poczuj\\u0105, \\u017ce u\\u017cywam produkt\\u00f3w wst\\u0119pnie przygotowanych?\",\"acceptedAnswer\":{\"@type\":\"Answer\",\"text\":\"Jeste\\u015bmy przekonani, \\u017ce nie. Nasze produkty s\\u0105 przygotowane zgodnie ze sztuk\\u0105 kulinarn\\u0105 \\u2013 czasami r\\u0119cznie, najcz\\u0119\\u015bciej z ca\\u0142ego mi\\u0119\\u015bnia \\u2013 ale zawsze tak, aby go\\u015b\\u0107 poczu\\u0142 doskona\\u0142\\u0105 kuchni\\u0119. Po prostu ograniczamy wst\\u0119pn\\u0105 obr\\u00f3bk\\u0119. Od Ciebie zale\\u017cy, jak wykreujesz danie, jak doprawisz i udekorujesz. Z jednego produktu mo\\u017cna przygotowa\\u0107 tyle da\\u0144, ilu jest szef\\u00f3w kuchni i kucharzy.\"}}]}<\/script>\n\t\t\t\t\t\t\t<\/div>\n\t\t\t\t<\/div>\n\t\t\t\t<div class=\"elementor-element elementor-element-32b035a elementor-widget elementor-widget-button\" data-id=\"32b035a\" data-element_type=\"widget\" data-e-type=\"widget\" data-widget_type=\"button.default\">\n\t\t\t\t<div class=\"elementor-widget-container\">\n\t\t\t\t\t\t\t\t\t<div class=\"elementor-button-wrapper\">\n\t\t\t\t\t<a class=\"elementor-button elementor-button-link elementor-size-sm\" href=\"\/kontakt\/\">\n\t\t\t\t\t\t<span class=\"elementor-button-content-wrapper\">\n\t\t\t\t\t\t<span class=\"elementor-button-icon\">\n\t\t\t\t<svg aria-hidden=\"true\" class=\"e-font-icon-svg e-far-arrow-alt-circle-right\" viewBox=\"0 0 512 512\" xmlns=\"http:\/\/www.w3.org\/2000\/svg\"><path d=\"M504 256C504 119 393 8 256 8S8 119 8 256s111 248 248 248 248-111 248-248zm-448 0c0-110.5 89.5-200 200-200s200 89.5 200 200-89.5 200-200 200S56 366.5 56 256zm72 20v-40c0-6.6 5.4-12 12-12h116v-67c0-10.7 12.9-16 20.5-8.5l99 99c4.7 4.7 4.7 12.3 0 17l-99 99c-7.6 7.6-20.5 2.2-20.5-8.5v-67H140c-6.6 0-12-5.4-12-12z\"><\/path><\/svg>\t\t\t<\/span>\n\t\t\t\t\t\t\t\t\t<span class=\"elementor-button-text\">Masz pytania? Skontaktuj si\u0119!<\/span>\n\t\t\t\t\t<\/span>\n\t\t\t\t\t<\/a>\n\t\t\t\t<\/div>\n\t\t\t\t\t\t\t\t<\/div>\n\t\t\t\t<\/div>\n\t\t\t\t<\/div>\n\t\t<div data-dce-background-image-url=\"https:\/\/ajfood.pl\/wp-content\/uploads\/2024\/08\/52-miniburger.jpg\" class=\"elementor-element elementor-element-a1d76de e-con-full e-flex e-con e-child\" data-id=\"a1d76de\" data-element_type=\"container\" data-e-type=\"container\" data-settings=\"{&quot;background_background&quot;:&quot;classic&quot;}\">\n\t\t\t\t<\/div>\n\t\t\t\t\t<\/div>\n\t\t\t\t<\/div>\n\t\t\t\t<\/div>\n\t\t","protected":false},"excerpt":{"rendered":"<p>Gdzie mo\u017cna kupi\u0107 produkty AJ Food? Nasze produkty mro\u017cone mo\u017cna kupi\u0107 praktycznie u ka\u017cdego gastronomicznego dystrybutora. Skontaktuj si\u0119 z nami (wy\u015blij e-mail lub zadzwo\u0144), a my odezwiemy si\u0119 i pomo\u017cemy wybra\u0107 najwygodniejsz\u0105 dla Ciebie opcj\u0119. Opakowania, akcesoria oraz w\u0105sk\u0105 grup\u0119 produkt\u00f3w ch\u0142odzonych (sosy) mo\u017cna kupi\u0107 na naszej stronie internetowej. Czy musz\u0119 kupowa\u0107 ca\u0142e zestawy? Nie [&hellip;]<\/p>\n","protected":false},"author":1,"featured_media":0,"parent":0,"menu_order":0,"comment_status":"closed","ping_status":"closed","template":"","meta":{"_acf_changed":false,"footnotes":""},"class_list":["post-2794","page","type-page","status-publish","hentry"],"acf":[],"_links":{"self":[{"href":"https:\/\/ajfood.pl\/en\/wp-json\/wp\/v2\/pages\/2794","targetHints":{"allow":["GET"]}}],"collection":[{"href":"https:\/\/ajfood.pl\/en\/wp-json\/wp\/v2\/pages"}],"about":[{"href":"https:\/\/ajfood.pl\/en\/wp-json\/wp\/v2\/types\/page"}],"author":[{"embeddable":true,"href":"https:\/\/ajfood.pl\/en\/wp-json\/wp\/v2\/users\/1"}],"replies":[{"embeddable":true,"href":"https:\/\/ajfood.pl\/en\/wp-json\/wp\/v2\/comments?post=2794"}],"version-history":[{"count":0,"href":"https:\/\/ajfood.pl\/en\/wp-json\/wp\/v2\/pages\/2794\/revisions"}],"wp:attachment":[{"href":"https:\/\/ajfood.pl\/en\/wp-json\/wp\/v2\/media?parent=2794"}],"curies":[{"name":"wp","href":"https:\/\/api.w.org\/{rel}","templated":true}]}}